{"id":9288,"date":"2025-11-29T15:42:31","date_gmt":"2025-11-29T14:42:31","guid":{"rendered":"https:\/\/tripmyfrancebiketours.com\/contact\/"},"modified":"2026-03-05T17:46:28","modified_gmt":"2026-03-05T16:46:28","slug":"contact","status":"publish","type":"page","link":"https:\/\/staging.tripmyfrancebiketours.com\/en\/contact\/","title":{"rendered":"Contact"},"content":{"rendered":"\t\t<div data-elementor-type=\"wp-page\" data-elementor-id=\"9288\" class=\"elementor elementor-9288 elementor-1893\" data-elementor-post-type=\"page\">\n\t\t\t\t<div class=\"elementor-element elementor-element-a45eb1f e-flex e-con-boxed e-con e-parent\" data-id=\"a45eb1f\" data-element_type=\"container\">\n\t\t\t\t\t<div class=\"e-con-inner\">\n\t\t<div class=\"elementor-element elementor-element-d5bddc5 e-con-full container-info-contact e-flex e-con e-child\" data-id=\"d5bddc5\" data-element_type=\"container\">\n\t\t<div class=\"elementor-element elementor-element-16c388b e-con-full info-contact e-flex e-con e-child\" data-id=\"16c388b\" data-element_type=\"container\" data-settings=\"{&quot;background_background&quot;:&quot;classic&quot;}\">\n\t\t\t\t<div class=\"elementor-element elementor-element-7a5c71d elementor-widget elementor-widget-heading\" data-id=\"7a5c71d\" data-element_type=\"widget\" data-widget_type=\"heading.default\">\n\t\t\t\t\t<h2 class=\"elementor-heading-title elementor-size-default\">Call us on<\/h2>\t\t\t\t<\/div>\n\t\t<div class=\"elementor-element elementor-element-e4a7655 e-con-full e-flex e-con e-child\" data-id=\"e4a7655\" data-element_type=\"container\">\n\t\t\t\t<div class=\"elementor-element elementor-element-15293fd elementor-view-default elementor-widget elementor-widget-icon\" data-id=\"15293fd\" data-element_type=\"widget\" data-widget_type=\"icon.default\">\n\t\t\t\t\t\t\t<div class=\"elementor-icon-wrapper\">\n\t\t\t<div class=\"elementor-icon\">\n\t\t\t<svg aria-hidden=\"true\" class=\"e-font-icon-svg e-fas-phone\" viewBox=\"0 0 512 512\" xmlns=\"http:\/\/www.w3.org\/2000\/svg\"><path d=\"M493.4 24.6l-104-24c-11.3-2.6-22.9 3.3-27.5 13.9l-48 112c-4.2 9.8-1.4 21.3 6.9 28l60.6 49.6c-36 76.7-98.9 140.5-177.2 177.2l-49.6-60.6c-6.8-8.3-18.2-11.1-28-6.9l-112 48C3.9 366.5-2 378.1.6 389.4l24 104C27.1 504.2 36.7 512 48 512c256.1 0 464-207.5 464-464 0-11.2-7.7-20.9-18.6-23.4z\"><\/path><\/svg>\t\t\t<\/div>\n\t\t<\/div>\n\t\t\t\t\t\t<\/div>\n\t\t\t\t<div class=\"elementor-element elementor-element-b29c729 elementor-widget elementor-widget-text-editor\" data-id=\"b29c729\" data-element_type=\"widget\" data-widget_type=\"text-editor.default\">\n\t\t\t\t\t\t\t\t\t<p><a href=\"tel:+33757192071\">+33 (0) 7 57 19 20 71<\/a><\/p>\t\t\t\t\t\t\t\t<\/div>\n\t\t\t\t<\/div>\n\t\t\t\t<div class=\"elementor-element elementor-element-b1b4416 elementor-widget elementor-widget-text-editor\" data-id=\"b1b4416\" data-element_type=\"widget\" data-widget_type=\"text-editor.default\">\n\t\t\t\t\t\t\t\t\t<p>From Monday to Friday, from 9am 12:30pm and from 1:30pm to 5pm.<\/p>\t\t\t\t\t\t\t\t<\/div>\n\t\t\t\t<\/div>\n\t\t<div class=\"elementor-element elementor-element-ff9cdb7 e-con-full info-contact e-flex e-con e-child\" data-id=\"ff9cdb7\" data-element_type=\"container\" data-settings=\"{&quot;background_background&quot;:&quot;classic&quot;}\">\n\t\t\t\t<div class=\"elementor-element elementor-element-6b767aa elementor-widget elementor-widget-heading\" data-id=\"6b767aa\" data-element_type=\"widget\" data-widget_type=\"heading.default\">\n\t\t\t\t\t<h2 class=\"elementor-heading-title elementor-size-default\">Write to us<\/h2>\t\t\t\t<\/div>\n\t\t<div class=\"elementor-element elementor-element-0e5d78e e-con-full e-flex e-con e-child\" data-id=\"0e5d78e\" data-element_type=\"container\">\n\t\t\t\t<div class=\"elementor-element elementor-element-eef3171 elementor-view-default elementor-widget elementor-widget-icon\" data-id=\"eef3171\" data-element_type=\"widget\" data-widget_type=\"icon.default\">\n\t\t\t\t\t\t\t<div class=\"elementor-icon-wrapper\">\n\t\t\t<div class=\"elementor-icon\">\n\t\t\t<svg aria-hidden=\"true\" class=\"e-font-icon-svg e-fas-envelope\" viewBox=\"0 0 512 512\" xmlns=\"http:\/\/www.w3.org\/2000\/svg\"><path d=\"M502.3 190.8c3.9-3.1 9.7-.2 9.7 4.7V400c0 26.5-21.5 48-48 48H48c-26.5 0-48-21.5-48-48V195.6c0-5 5.7-7.8 9.7-4.7 22.4 17.4 52.1 39.5 154.1 113.6 21.1 15.4 56.7 47.8 92.2 47.6 35.7.3 72-32.8 92.3-47.6 102-74.1 131.6-96.3 154-113.7zM256 320c23.2.4 56.6-29.2 73.4-41.4 132.7-96.3 142.8-104.7 173.4-128.7 5.8-4.5 9.2-11.5 9.2-18.9v-19c0-26.5-21.5-48-48-48H48C21.5 64 0 85.5 0 112v19c0 7.4 3.4 14.3 9.2 18.9 30.6 23.9 40.7 32.4 173.4 128.7 16.8 12.2 50.2 41.8 73.4 41.4z\"><\/path><\/svg>\t\t\t<\/div>\n\t\t<\/div>\n\t\t\t\t\t\t<\/div>\n\t\t\t\t<div class=\"elementor-element elementor-element-119a8fa break elementor-widget elementor-widget-text-editor\" data-id=\"119a8fa\" data-element_type=\"widget\" data-widget_type=\"text-editor.default\">\n\t\t\t\t\t\t\t\t\t<p class=\"p1\"><span class=\"s1\"><a href=\"mailto:biketours@tripmyfrance.com\">biketours@tripmyfrance.com<\/a><\/span><\/p>\t\t\t\t\t\t\t\t<\/div>\n\t\t\t\t<\/div>\n\t\t\t\t<div class=\"elementor-element elementor-element-855cb03 elementor-widget elementor-widget-text-editor\" data-id=\"855cb03\" data-element_type=\"widget\" data-widget_type=\"text-editor.default\">\n\t\t\t\t\t\t\t\t\t<p>131 rue des H\u00eatres<br>69400 Arnas<br>France<\/p>\t\t\t\t\t\t\t\t<\/div>\n\t\t\t\t<\/div>\n\t\t<div class=\"elementor-element elementor-element-5564d41 e-con-full e-flex e-con e-child\" data-id=\"5564d41\" data-element_type=\"container\">\n\t\t\t\t<div class=\"elementor-element elementor-element-025f5dd elementor-widget elementor-widget-image\" data-id=\"025f5dd\" data-element_type=\"widget\" data-widget_type=\"image.default\">\n\t\t\t\t\t\t\t\t\t\t\t\t\t\t\t\t<a href=\"https:\/\/www.linkedin.com\/company\/tripmyfrance\/\">\n\t\t\t\t\t\t\t<img decoding=\"async\" width=\"45\" height=\"45\" src=\"https:\/\/staging.tripmyfrancebiketours.com\/wp-content\/uploads\/2026\/01\/in.svg\" class=\"attachment-large size-large wp-image-9286\" alt=\"Linkedin\" \/>\t\t\t\t\t\t\t\t<\/a>\n\t\t\t\t\t\t\t\t\t\t\t\t\t\t\t<\/div>\n\t\t\t\t<div class=\"elementor-element elementor-element-6c54a25 elementor-widget elementor-widget-image\" data-id=\"6c54a25\" data-element_type=\"widget\" data-widget_type=\"image.default\">\n\t\t\t\t\t\t\t\t\t\t\t\t\t\t\t\t<a href=\"https:\/\/www.instagram.com\/tripmyfrancebiketours\/\">\n\t\t\t\t\t\t\t<img decoding=\"async\" width=\"45\" height=\"45\" src=\"https:\/\/staging.tripmyfrancebiketours.com\/wp-content\/uploads\/2026\/01\/Insta.svg\" class=\"attachment-large size-large wp-image-9287\" alt=\"\" \/>\t\t\t\t\t\t\t\t<\/a>\n\t\t\t\t\t\t\t\t\t\t\t\t\t\t\t<\/div>\n\t\t\t\t<\/div>\n\t\t\t\t<\/div>\n\t\t<div class=\"elementor-element elementor-element-98ceaef e-con-full e-flex e-con e-child\" data-id=\"98ceaef\" data-element_type=\"container\" data-settings=\"{&quot;background_background&quot;:&quot;classic&quot;}\">\n\t\t\t\t<div class=\"elementor-element elementor-element-b7bbfec elementor-widget elementor-widget-spacer\" data-id=\"b7bbfec\" data-element_type=\"widget\" data-widget_type=\"spacer.default\">\n\t\t\t\t\t\t\t<div class=\"elementor-spacer\">\n\t\t\t<div class=\"elementor-spacer-inner\"><\/div>\n\t\t<\/div>\n\t\t\t\t\t\t<\/div>\n\t\t\t\t<div class=\"elementor-element elementor-element-7e7f9e4 elementor-widget elementor-widget-heading\" data-id=\"7e7f9e4\" data-element_type=\"widget\" data-widget_type=\"heading.default\">\n\t\t\t\t\t<h1 class=\"elementor-heading-title elementor-size-default\">Contact us<\/h1>\t\t\t\t<\/div>\n\t\t\t\t<div class=\"elementor-element elementor-element-10dc233 elementor-widget elementor-widget-spacer\" data-id=\"10dc233\" data-element_type=\"widget\" data-widget_type=\"spacer.default\">\n\t\t\t\t\t\t\t<div class=\"elementor-spacer\">\n\t\t\t<div class=\"elementor-spacer-inner\"><\/div>\n\t\t<\/div>\n\t\t\t\t\t\t<\/div>\n\t\t\t\t<div class=\"elementor-element elementor-element-55aa71e elementor-widget elementor-widget-html\" data-id=\"55aa71e\" data-element_type=\"widget\" data-widget_type=\"html.default\">\n\t\t\t\t\t<div class='fluentform ff-default fluentform_wrapper_7 ffs_custom_wrap'><form data-form_id=\"7\" id=\"fluentform_7\" class=\"frm-fluent-form fluent_form_7 ff-el-form-top ff_form_instance_7_1 ff-form-loading formulaire ffs_custom\" data-form_instance=\"ff_form_instance_7_1\" method=\"POST\" ><fieldset  style=\"border: none!important;margin: 0!important;padding: 0!important;background-color: transparent!important;box-shadow: none!important;outline: none!important; min-inline-size: 100%;\">\n                    <legend class=\"ff_screen_reader_title\" style=\"display: block; margin: 0!important;padding: 0!important;height: 0!important;text-indent: -999999px;width: 0!important;overflow:hidden;\">Contact form<\/legend><input type='hidden' name='__fluent_form_embded_post_id' value='9288' \/><input type=\"hidden\" id=\"_fluentform_7_fluentformnonce\" name=\"_fluentform_7_fluentformnonce\" value=\"28c3ef5208\" \/><input type=\"hidden\" name=\"_wp_http_referer\" value=\"\/en\/wp-json\/wp\/v2\/pages\/9288\" \/><input type=\"hidden\" name=\"hidden\" value=\"https:\/\/staging.tripmyfrancebiketours.com\/en\/wp-json\/wp\/v2\/pages\/9288\" data-name=\"hidden\" ><div data-type=\"name-element\" data-name=\"names\" class=\" ff-field_container ff-name-field-wrapper\" ><div class='ff-t-container'><div class='ff-t-cell '><div class='ff-el-group ff-el-form-top'><div class=\"ff-el-input--label ff-el-is-required asterisk-right\"><label for='ff_7_names_first_name_' id='label_ff_7_names_first_name_' >First Name<\/label><\/div><div class='ff-el-input--content'><input type=\"text\" name=\"names[first_name]\" id=\"ff_7_names_first_name_\" class=\"ff-el-form-control\" placeholder=\"Enter you first name\" aria-invalid=\"false\" aria-required=true><\/div><\/div><\/div><div class='ff-t-cell '><div class='ff-el-group ff-el-form-top'><div class=\"ff-el-input--label ff-el-is-required asterisk-right\"><label for='ff_7_names_last_name_' id='label_ff_7_names_last_name_' >Last name<\/label><\/div><div class='ff-el-input--content'><input type=\"text\" name=\"names[last_name]\" id=\"ff_7_names_last_name_\" class=\"ff-el-form-control\" placeholder=\"Enter your last name\" aria-invalid=\"false\" aria-required=true><\/div><\/div><\/div><\/div><\/div><div data-name=\"ff_cn_id_1\"  class='ff-t-container ff-column-container ff_columns_total_2 '><div class='ff-t-cell ff-t-column-1' style='flex-basis: 50%;'><div class='ff-el-group'><div class=\"ff-el-input--label ff-el-is-required asterisk-right\"><label for='ff_7_email' id='label_ff_7_email' aria-label=\"Email address\">Email address<\/label><\/div><div class='ff-el-input--content'><input type=\"email\" name=\"email\" id=\"ff_7_email\" class=\"ff-el-form-control\" placeholder=\"Email address\" data-name=\"email\"  aria-invalid=\"false\" aria-required=true><\/div><\/div><\/div><div class='ff-t-cell ff-t-column-2' style='flex-basis: 50%;'><div class='ff-el-group'><div class=\"ff-el-input--label ff-el-is-required asterisk-right\"><label for='ff_7_phone' id='label_ff_7_phone' aria-label=\"Phone number\">Phone number<\/label><\/div><div class='ff-el-input--content'><input name=\"phone\" class=\"ff-el-form-control ff-el-phone ff_el_with_extended_validation\" type=\"tel\" placeholder=\"6 12 34 56 78\" data-name=\"phone\" id=\"ff_7_phone\" inputmode=\"tel\"  aria-invalid='false' aria-required=true><\/div><\/div><\/div><\/div><div class='ff-el-group'><div class=\"ff-el-input--label ff-el-is-required asterisk-right\"><label for='ff_7_description' id='label_ff_7_description' aria-label=\"Message\">Message<\/label><\/div><div class='ff-el-input--content'><textarea aria-required=\"true\" aria-labelledby=\"label_ff_7_description\" name=\"description\" id=\"ff_7_description\" class=\"ff-el-form-control\" placeholder=\"Write your message here...\" rows=\"10\" cols=\"2\" data-name=\"description\" ><\/textarea><\/div><\/div><div data-name=\"ff_cn_id_2\"  class='ff-t-container ff-column-container ff_columns_total_1 form-container'><div class='ff-t-cell ff-t-column-1' style='flex-basis: 100%;'><div class='ff-el-group    ff-el-input--content'><div class='ff-el-form-check ff-el-tc'><label aria-label='Terms and Conditions: I agree to the privacy policy * Contains 1 link. Use tab navigation to review.' class='ff-el-form-check-label ff_tc_label' for=terms-n-condition_4d302db1a41803b2c70adad4bd8e71db><span class='ff_tc_checkbox'><input type=\"checkbox\" name=\"terms-n-condition\" class=\"ff-el-form-check-input\" data-name=\"terms-n-condition\" id=\"terms-n-condition_4d302db1a41803b2c70adad4bd8e71db\"  value='on' aria-invalid='false' aria-required=true><\/span> <div class='ff_t_c'><p>I agree to the <span style=\"color: #f56c6c\"><a href=\"https:\/\/tripmyfrancebiketours.com\/en\/privacy-policy\/\" target=\"_blank\" rel=\"noopener\">privacy policy<\/a><\/span> *<\/p><\/div><\/label><\/div><\/div><div class='ff-el-group ff-el-form-hide_label'><div class=\"ff-el-input--label asterisk-right\"><label   aria-label=\"Newsletter\">Newsletter<\/label><\/div><div class='ff-el-input--content'><div class='ff-el-form-check ff-el-form-check-'><label class='ff-el-form-check-label' for=checkbox_3_4842132e2a3189d614cfcfc0eb7bd4fa><input  type=\"checkbox\" name=\"checkbox_3[]\" data-name=\"checkbox_3\" class=\"ff-el-form-check-input ff-el-form-check-checkbox\" value=\"J\u2019accepte de recevoir la newsletter Trip My France Bike Tours\"  id='checkbox_3_4842132e2a3189d614cfcfc0eb7bd4fa' aria-label='I agree to receive the Trip My France Bike Tours newsletter.' aria-invalid='false' aria-required=false> <span>I agree to receive the Trip My France Bike Tours newsletter.<\/span><\/label><\/div><\/div><\/div><\/div><\/div><div class='ff-el-group ff-text-center ff_submit_btn_wrapper'><button type=\"submit\" class=\"ff-btn ff-btn-submit ff-btn-md ff_btn_style\"  aria-label=\"Submit\">Submit<\/button><\/div><\/fieldset><\/form><div id='fluentform_7_errors' class='ff-errors-in-stack ff_form_instance_7_1 ff-form-loading_errors ff_form_instance_7_1_errors'><\/div><\/div>            <script type=\"text\/javascript\">\n                window.fluent_form_ff_form_instance_7_1 = {\"id\":\"7\",\"settings\":{\"layout\":{\"labelPlacement\":\"top\",\"asteriskPlacement\":\"asterisk-right\",\"helpMessagePlacement\":\"with_label\",\"errorMessagePlacement\":\"inline\",\"cssClassName\":\"\"},\"restrictions\":{\"denyEmptySubmission\":{\"enabled\":false}}},\"form_instance\":\"ff_form_instance_7_1\",\"form_id_selector\":\"fluentform_7\",\"rules\":{\"names[first_name]\":{\"required\":{\"value\":true,\"message\":\"This field is required\",\"global_message\":\"Ce champ est obligatoire\",\"global\":true}},\"names[middle_name]\":{\"required\":{\"value\":false,\"message\":\"This field is required\",\"global_message\":\"Ce champ est obligatoire\",\"global\":true}},\"names[last_name]\":{\"required\":{\"value\":true,\"message\":\"This field is required\",\"global_message\":\"Ce champ est obligatoire\",\"global\":true}},\"email\":{\"required\":{\"value\":true,\"message\":\"This field is required\",\"global_message\":\"Ce champ est obligatoire\",\"global\":true},\"email\":{\"value\":true,\"message\":\"This field must contain a valid email\",\"global_message\":\"Ce champ doit contenir un e-mail valide\",\"global\":true}},\"phone\":{\"required\":{\"value\":true,\"global\":true,\"message\":\"This field is required\",\"global_message\":\"Ce champ est obligatoire\"},\"valid_phone_number\":{\"value\":true,\"global\":true,\"message\":\"Phone number is not valid\",\"global_message\":\"Le num\\u00e9ro de t\\u00e9l\\u00e9phone est invalide\"}},\"description\":{\"required\":{\"value\":true,\"message\":\"This field is required\",\"global_message\":\"Ce champ est obligatoire\",\"global\":true}},\"terms-n-condition\":{\"required\":{\"value\":true,\"message\":\"This field is required\",\"global_message\":\"Ce champ est obligatoire\",\"global\":true}},\"checkbox_3\":{\"required\":{\"value\":false,\"message\":\"This field is required\",\"global_message\":\"Ce champ est obligatoire\",\"global\":true}}},\"debounce_time\":300};\n                            <\/script>\n            \t\t\t\t<\/div>\n\t\t\t\t<div class=\"elementor-element elementor-element-7865d66 elementor-widget elementor-widget-spacer\" data-id=\"7865d66\" data-element_type=\"widget\" data-widget_type=\"spacer.default\">\n\t\t\t\t\t\t\t<div class=\"elementor-spacer\">\n\t\t\t<div class=\"elementor-spacer-inner\"><\/div>\n\t\t<\/div>\n\t\t\t\t\t\t<\/div>\n\t\t\t\t<\/div>\n\t\t\t\t\t<\/div>\n\t\t\t\t<\/div>\n\t\t\t\t<\/div>\n\t\t","protected":false},"excerpt":{"rendered":"<p>Call us on +33 (0) 7 57 19 20 71 From Monday to Friday, from 9am 12:30pm and from 1:30pm to 5pm. Write to us biketours@tripmyfrance.com 131 rue des H\u00eatres69400 ArnasFrance Contact us<\/p>\n","protected":false},"author":1,"featured_media":0,"parent":0,"menu_order":0,"comment_status":"closed","ping_status":"closed","template":"","meta":{"footnotes":""},"class_list":["post-9288","page","type-page","status-publish","hentry"],"yoast_head":"<!-- This site is optimized with the Yoast SEO plugin v26.8 - https:\/\/yoast.com\/product\/yoast-seo-wordpress\/ -->\n<title>Contact \u2013 Trip My France Bike Tours | Cycling Trips<\/title>\n<meta name=\"description\" content=\"Contact Trip My France Bike Tours to plan your high\u2011end cycling trip: personalized advice and full support.\" \/>\n<meta name=\"robots\" content=\"index, follow, max-snippet:-1, max-image-preview:large, max-video-preview:-1\" \/>\n<link rel=\"canonical\" href=\"https:\/\/staging.tripmyfrancebiketours.com\/en\/contact\/\" \/>\n<meta property=\"og:locale\" content=\"en_US\" \/>\n<meta property=\"og:type\" content=\"article\" \/>\n<meta property=\"og:title\" content=\"Contact \u2013 Trip My France Bike Tours | Cycling Trips\" \/>\n<meta property=\"og:description\" content=\"Contact Trip My France Bike Tours to plan your high\u2011end cycling trip: personalized advice and full support.\" \/>\n<meta property=\"og:url\" content=\"https:\/\/staging.tripmyfrancebiketours.com\/en\/contact\/\" \/>\n<meta property=\"og:site_name\" content=\"Trip My France Bike Tours\" \/>\n<meta property=\"article:modified_time\" content=\"2026-03-05T16:46:28+00:00\" \/>\n<meta name=\"twitter:card\" content=\"summary_large_image\" \/>\n<script type=\"application\/ld+json\" class=\"yoast-schema-graph\">{\"@context\":\"https:\/\/schema.org\",\"@graph\":[{\"@type\":\"WebPage\",\"@id\":\"https:\/\/staging.tripmyfrancebiketours.com\/en\/contact\/\",\"url\":\"https:\/\/staging.tripmyfrancebiketours.com\/en\/contact\/\",\"name\":\"Contact \u2013 Trip My France Bike Tours | Cycling Trips\",\"isPartOf\":{\"@id\":\"https:\/\/staging.tripmyfrancebiketours.com\/en\/#website\"},\"primaryImageOfPage\":{\"@id\":\"https:\/\/staging.tripmyfrancebiketours.com\/en\/contact\/#primaryimage\"},\"image\":{\"@id\":\"https:\/\/staging.tripmyfrancebiketours.com\/en\/contact\/#primaryimage\"},\"thumbnailUrl\":\"https:\/\/staging.tripmyfrancebiketours.com\/wp-content\/uploads\/2026\/01\/in.svg\",\"datePublished\":\"2025-11-29T14:42:31+00:00\",\"dateModified\":\"2026-03-05T16:46:28+00:00\",\"description\":\"Contact Trip My France Bike Tours to plan your high\u2011end cycling trip: personalized advice and full support.\",\"breadcrumb\":{\"@id\":\"https:\/\/staging.tripmyfrancebiketours.com\/en\/contact\/#breadcrumb\"},\"inLanguage\":\"en-US\",\"potentialAction\":[{\"@type\":\"ReadAction\",\"target\":[\"https:\/\/staging.tripmyfrancebiketours.com\/en\/contact\/\"]}]},{\"@type\":\"ImageObject\",\"inLanguage\":\"en-US\",\"@id\":\"https:\/\/staging.tripmyfrancebiketours.com\/en\/contact\/#primaryimage\",\"url\":\"https:\/\/staging.tripmyfrancebiketours.com\/wp-content\/uploads\/2026\/01\/in.svg\",\"contentUrl\":\"https:\/\/staging.tripmyfrancebiketours.com\/wp-content\/uploads\/2026\/01\/in.svg\"},{\"@type\":\"BreadcrumbList\",\"@id\":\"https:\/\/staging.tripmyfrancebiketours.com\/en\/contact\/#breadcrumb\",\"itemListElement\":[{\"@type\":\"ListItem\",\"position\":1,\"name\":\"Accueil\",\"item\":\"https:\/\/staging.tripmyfrancebiketours.com\/en\/home-page\/\"},{\"@type\":\"ListItem\",\"position\":2,\"name\":\"Contact\"}]},{\"@type\":\"WebSite\",\"@id\":\"https:\/\/staging.tripmyfrancebiketours.com\/en\/#website\",\"url\":\"https:\/\/staging.tripmyfrancebiketours.com\/en\/\",\"name\":\"Trip My France Bike Tours\",\"description\":\"Sp\u00e9cialiste du voyagge \u00e0 v\u00e9lo haute gamme\",\"publisher\":{\"@id\":\"https:\/\/staging.tripmyfrancebiketours.com\/en\/#organization\"},\"alternateName\":\"Bike Tours\",\"potentialAction\":[{\"@type\":\"SearchAction\",\"target\":{\"@type\":\"EntryPoint\",\"urlTemplate\":\"https:\/\/staging.tripmyfrancebiketours.com\/en\/?s={search_term_string}\"},\"query-input\":{\"@type\":\"PropertyValueSpecification\",\"valueRequired\":true,\"valueName\":\"search_term_string\"}}],\"inLanguage\":\"en-US\"},{\"@type\":\"Organization\",\"@id\":\"https:\/\/staging.tripmyfrancebiketours.com\/en\/#organization\",\"name\":\"Trip My France Bike Tours\",\"url\":\"https:\/\/staging.tripmyfrancebiketours.com\/en\/\",\"logo\":{\"@type\":\"ImageObject\",\"inLanguage\":\"en-US\",\"@id\":\"https:\/\/staging.tripmyfrancebiketours.com\/en\/#\/schema\/logo\/image\/\",\"url\":\"https:\/\/staging.tripmyfrancebiketours.com\/wp-content\/uploads\/2025\/11\/LOGO-TMF-BIKE-TOURS.png\",\"contentUrl\":\"https:\/\/staging.tripmyfrancebiketours.com\/wp-content\/uploads\/2025\/11\/LOGO-TMF-BIKE-TOURS.png\",\"width\":1024,\"height\":1024,\"caption\":\"Trip My France Bike Tours\"},\"image\":{\"@id\":\"https:\/\/staging.tripmyfrancebiketours.com\/en\/#\/schema\/logo\/image\/\"}}]}<\/script>\n<!-- \/ Yoast SEO plugin. -->","yoast_head_json":{"title":"Contact \u2013 Trip My France Bike Tours | Cycling Trips","description":"Contact Trip My France Bike Tours to plan your high\u2011end cycling trip: personalized advice and full support.","robots":{"index":"index","follow":"follow","max-snippet":"max-snippet:-1","max-image-preview":"max-image-preview:large","max-video-preview":"max-video-preview:-1"},"canonical":"https:\/\/staging.tripmyfrancebiketours.com\/en\/contact\/","og_locale":"en_US","og_type":"article","og_title":"Contact \u2013 Trip My France Bike Tours | Cycling Trips","og_description":"Contact Trip My France Bike Tours to plan your high\u2011end cycling trip: personalized advice and full support.","og_url":"https:\/\/staging.tripmyfrancebiketours.com\/en\/contact\/","og_site_name":"Trip My France Bike Tours","article_modified_time":"2026-03-05T16:46:28+00:00","twitter_card":"summary_large_image","schema":{"@context":"https:\/\/schema.org","@graph":[{"@type":"WebPage","@id":"https:\/\/staging.tripmyfrancebiketours.com\/en\/contact\/","url":"https:\/\/staging.tripmyfrancebiketours.com\/en\/contact\/","name":"Contact \u2013 Trip My France Bike Tours | Cycling Trips","isPartOf":{"@id":"https:\/\/staging.tripmyfrancebiketours.com\/en\/#website"},"primaryImageOfPage":{"@id":"https:\/\/staging.tripmyfrancebiketours.com\/en\/contact\/#primaryimage"},"image":{"@id":"https:\/\/staging.tripmyfrancebiketours.com\/en\/contact\/#primaryimage"},"thumbnailUrl":"https:\/\/staging.tripmyfrancebiketours.com\/wp-content\/uploads\/2026\/01\/in.svg","datePublished":"2025-11-29T14:42:31+00:00","dateModified":"2026-03-05T16:46:28+00:00","description":"Contact Trip My France Bike Tours to plan your high\u2011end cycling trip: personalized advice and full support.","breadcrumb":{"@id":"https:\/\/staging.tripmyfrancebiketours.com\/en\/contact\/#breadcrumb"},"inLanguage":"en-US","potentialAction":[{"@type":"ReadAction","target":["https:\/\/staging.tripmyfrancebiketours.com\/en\/contact\/"]}]},{"@type":"ImageObject","inLanguage":"en-US","@id":"https:\/\/staging.tripmyfrancebiketours.com\/en\/contact\/#primaryimage","url":"https:\/\/staging.tripmyfrancebiketours.com\/wp-content\/uploads\/2026\/01\/in.svg","contentUrl":"https:\/\/staging.tripmyfrancebiketours.com\/wp-content\/uploads\/2026\/01\/in.svg"},{"@type":"BreadcrumbList","@id":"https:\/\/staging.tripmyfrancebiketours.com\/en\/contact\/#breadcrumb","itemListElement":[{"@type":"ListItem","position":1,"name":"Accueil","item":"https:\/\/staging.tripmyfrancebiketours.com\/en\/home-page\/"},{"@type":"ListItem","position":2,"name":"Contact"}]},{"@type":"WebSite","@id":"https:\/\/staging.tripmyfrancebiketours.com\/en\/#website","url":"https:\/\/staging.tripmyfrancebiketours.com\/en\/","name":"Trip My France Bike Tours","description":"Sp\u00e9cialiste du voyagge \u00e0 v\u00e9lo haute gamme","publisher":{"@id":"https:\/\/staging.tripmyfrancebiketours.com\/en\/#organization"},"alternateName":"Bike Tours","potentialAction":[{"@type":"SearchAction","target":{"@type":"EntryPoint","urlTemplate":"https:\/\/staging.tripmyfrancebiketours.com\/en\/?s={search_term_string}"},"query-input":{"@type":"PropertyValueSpecification","valueRequired":true,"valueName":"search_term_string"}}],"inLanguage":"en-US"},{"@type":"Organization","@id":"https:\/\/staging.tripmyfrancebiketours.com\/en\/#organization","name":"Trip My France Bike Tours","url":"https:\/\/staging.tripmyfrancebiketours.com\/en\/","logo":{"@type":"ImageObject","inLanguage":"en-US","@id":"https:\/\/staging.tripmyfrancebiketours.com\/en\/#\/schema\/logo\/image\/","url":"https:\/\/staging.tripmyfrancebiketours.com\/wp-content\/uploads\/2025\/11\/LOGO-TMF-BIKE-TOURS.png","contentUrl":"https:\/\/staging.tripmyfrancebiketours.com\/wp-content\/uploads\/2025\/11\/LOGO-TMF-BIKE-TOURS.png","width":1024,"height":1024,"caption":"Trip My France Bike Tours"},"image":{"@id":"https:\/\/staging.tripmyfrancebiketours.com\/en\/#\/schema\/logo\/image\/"}}]}},"_links":{"self":[{"href":"https:\/\/staging.tripmyfrancebiketours.com\/en\/wp-json\/wp\/v2\/pages\/9288","targetHints":{"allow":["GET"]}}],"collection":[{"href":"https:\/\/staging.tripmyfrancebiketours.com\/en\/wp-json\/wp\/v2\/pages"}],"about":[{"href":"https:\/\/staging.tripmyfrancebiketours.com\/en\/wp-json\/wp\/v2\/types\/page"}],"author":[{"embeddable":true,"href":"https:\/\/staging.tripmyfrancebiketours.com\/en\/wp-json\/wp\/v2\/users\/1"}],"replies":[{"embeddable":true,"href":"https:\/\/staging.tripmyfrancebiketours.com\/en\/wp-json\/wp\/v2\/comments?post=9288"}],"version-history":[{"count":0,"href":"https:\/\/staging.tripmyfrancebiketours.com\/en\/wp-json\/wp\/v2\/pages\/9288\/revisions"}],"wp:attachment":[{"href":"https:\/\/staging.tripmyfrancebiketours.com\/en\/wp-json\/wp\/v2\/media?parent=9288"}],"curies":[{"name":"wp","href":"https:\/\/api.w.org\/{rel}","templated":true}]}}