{"id":9327,"date":"2026-01-29T20:02:37","date_gmt":"2026-01-29T19:02:37","guid":{"rendered":"https:\/\/tripmyfrancebiketours.com\/terms-of-use\/"},"modified":"2026-02-13T11:48:15","modified_gmt":"2026-02-13T10:48:15","slug":"terms-of-use","status":"publish","type":"page","link":"https:\/\/staging.tripmyfrancebiketours.com\/en\/terms-of-use\/","title":{"rendered":"Terms of Use"},"content":{"rendered":"\t\t<div data-elementor-type=\"wp-page\" data-elementor-id=\"9327\" class=\"elementor elementor-9327 elementor-7882\" data-elementor-post-type=\"page\">\n\t\t\t\t<div class=\"elementor-element elementor-element-730b318 container e-flex e-con-boxed e-con e-parent\" data-id=\"730b318\" data-element_type=\"container\">\n\t\t\t\t\t<div class=\"e-con-inner\">\n\t\t\t\t<div class=\"elementor-element elementor-element-9b6ff9d elementor-widget elementor-widget-spacer\" data-id=\"9b6ff9d\" data-element_type=\"widget\" data-widget_type=\"spacer.default\">\n\t\t\t\t\t\t\t<div class=\"elementor-spacer\">\n\t\t\t<div class=\"elementor-spacer-inner\"><\/div>\n\t\t<\/div>\n\t\t\t\t\t\t<\/div>\n\t\t\t\t<div class=\"elementor-element elementor-element-80e6694 elementor-widget elementor-widget-heading\" data-id=\"80e6694\" data-element_type=\"widget\" data-widget_type=\"heading.default\">\n\t\t\t\t\t<h1 class=\"elementor-heading-title elementor-size-default\">Terms of Use<\/h1>\t\t\t\t<\/div>\n\t\t\t\t<div class=\"elementor-element elementor-element-37a2f4f elementor-widget elementor-widget-spacer\" data-id=\"37a2f4f\" data-element_type=\"widget\" data-widget_type=\"spacer.default\">\n\t\t\t\t\t\t\t<div class=\"elementor-spacer\">\n\t\t\t<div class=\"elementor-spacer-inner\"><\/div>\n\t\t<\/div>\n\t\t\t\t\t\t<\/div>\n\t\t\t\t<div class=\"elementor-element elementor-element-3fce209 elementor-widget elementor-widget-text-editor\" data-id=\"3fce209\" data-element_type=\"widget\" data-widget_type=\"text-editor.default\">\n\t\t\t\t\t\t\t\t\t<p class=\"p1\"><strong><span class=\"s1\">1. Purpose<\/span><\/strong><\/p><p class=\"p2\"><span class=\"s2\">These Terms of Use govern access to and use of the website www.tripmyfrancebiketours.com.<\/span><\/p><p class=\"p3\"><strong><span class=\"s1\">2. Access to the website<\/span><\/strong><\/p><p class=\"p2\"><span class=\"s2\">The website is available free of charge to any user with internet access.<\/span><\/p><p class=\"p3\"><strong><span class=\"s1\">3. Website content<\/span><\/strong><\/p><p class=\"p2\"><span class=\"s2\">The content provided on this website is for informational purposes only. Trip My France Bike Tours strives to ensure the accuracy of the information but does not guarantee that it is free from errors or omissions. <\/span><\/p><p class=\"p3\"><strong><span class=\"s1\">4. Intellectual property<\/span><\/strong><\/p><p class=\"p2\"><span class=\"s2\">All content on this website, including but not limited to text, images, graphics, logos, and site structure, is protected by copyright and other intellectual property laws. <\/span><\/p><p class=\"p2\"><span class=\"s2\">Any reproduction, distribution, or use without prior written authorization is strictly prohibited.<\/span><\/p><p class=\"p3\"><strong><span class=\"s1\">5. Acceptable use<\/span><\/strong><\/p><p class=\"p2\"><span class=\"s2\">Users agree not to:<\/span><\/p><ul class=\"ul1\"><li class=\"li4\"><span class=\"s2\">Use the website for unlawful purposes<\/span><\/li><li class=\"li5\"><span class=\"s2\">Attempt to gain unauthorized access to other users\u2019 data<\/span><\/li><li class=\"li6\"><span class=\"s2\">Disrupt or interfere with the proper functioning of the website<\/span><\/li><\/ul><p> <\/p><p class=\"p3\"><strong><span class=\"s1\">6. Forms<\/span><\/strong><\/p><p class=\"p2\"><span class=\"s2\">By submitting a form on this website, users agree that their data may be processed in accordance with the Privacy Policy.<\/span><\/p><p class=\"p3\"><strong><span class=\"s1\">7. External links<\/span><\/strong><\/p><p class=\"p2\"><span class=\"s2\">The website may contain links to third-party websites. Trip My France Bike Tours is not responsible for the content or practices of those websites. <\/span><\/p><p class=\"p3\"><strong><span class=\"s1\">8. Limitation of Liability<\/span><\/strong><\/p><p class=\"p2\"><span class=\"s2\">Trip My France Bike Tours shall not be held liable for:<\/span><\/p><ul class=\"ul1\"><li class=\"li4\"><span class=\"s2\">Website interruptions<\/span><\/li><li class=\"li5\"><span class=\"s2\">Technical errors or bugs<\/span><\/li><li class=\"li6\"><span class=\"s2\">Indirect damages arising from the use of the website<\/span><\/li><\/ul><p> <\/p><p class=\"p3\"><strong><span class=\"s1\">9. Changes to the terms of use<\/span><\/strong><\/p><p class=\"p2\"><span class=\"s2\">Trip My France Bike Tours reserves the right to modify these Terms of Use at any time. <\/span><\/p><p class=\"p2\"><span class=\"s2\">The version in effect is the one published on the website at the time of access.<\/span><\/p><p class=\"p3\"><strong><span class=\"s1\">10. Contact<\/span><\/strong><\/p><p class=\"p2\"><span class=\"s2\">contact@tripmyfrance.com<\/span><\/p>\t\t\t\t\t\t\t\t<\/div>\n\t\t\t\t<div class=\"elementor-element elementor-element-679d626 elementor-widget elementor-widget-spacer\" data-id=\"679d626\" data-element_type=\"widget\" data-widget_type=\"spacer.default\">\n\t\t\t\t\t\t\t<div class=\"elementor-spacer\">\n\t\t\t<div class=\"elementor-spacer-inner\"><\/div>\n\t\t<\/div>\n\t\t\t\t\t\t<\/div>\n\t\t\t\t\t<\/div>\n\t\t\t\t<\/div>\n\t\t\t\t<\/div>\n\t\t","protected":false},"excerpt":{"rendered":"<p>Terms of Use 1. Purpose These Terms of Use govern access to and use of the website www.tripmyfrancebiketours.com. 2. Access to the website The website is available free of charge to any user with internet access. 3. Website content The content provided on this website is for informational purposes only. Trip My France Bike Tours [&hellip;]<\/p>\n","protected":false},"author":1,"featured_media":0,"parent":0,"menu_order":0,"comment_status":"closed","ping_status":"closed","template":"","meta":{"footnotes":""},"class_list":["post-9327","page","type-page","status-publish","hentry"],"yoast_head":"<!-- This site is optimized with the Yoast SEO plugin v26.8 - https:\/\/yoast.com\/product\/yoast-seo-wordpress\/ -->\n<title>Terms of Use - Trip My France Bike Tours<\/title>\n<meta name=\"robots\" content=\"index, follow, max-snippet:-1, max-image-preview:large, max-video-preview:-1\" \/>\n<link rel=\"canonical\" href=\"https:\/\/staging.tripmyfrancebiketours.com\/en\/terms-of-use\/\" \/>\n<meta property=\"og:locale\" content=\"en_US\" \/>\n<meta property=\"og:type\" content=\"article\" \/>\n<meta property=\"og:title\" content=\"Terms of Use - Trip My France Bike Tours\" \/>\n<meta property=\"og:description\" content=\"Terms of Use 1. Purpose These Terms of Use govern access to and use of the website www.tripmyfrancebiketours.com. 2. Access to the website The website is available free of charge to any user with internet access. 3. Website content The content provided on this website is for informational purposes only. Trip My France Bike Tours [&hellip;]\" \/>\n<meta property=\"og:url\" content=\"https:\/\/staging.tripmyfrancebiketours.com\/en\/terms-of-use\/\" \/>\n<meta property=\"og:site_name\" content=\"Trip My France Bike Tours\" \/>\n<meta property=\"article:modified_time\" content=\"2026-02-13T10:48:15+00:00\" \/>\n<meta name=\"twitter:card\" content=\"summary_large_image\" \/>\n<meta name=\"twitter:label1\" content=\"Est. reading time\" \/>\n\t<meta name=\"twitter:data1\" content=\"1 minute\" \/>\n<script type=\"application\/ld+json\" class=\"yoast-schema-graph\">{\"@context\":\"https:\/\/schema.org\",\"@graph\":[{\"@type\":\"WebPage\",\"@id\":\"https:\/\/staging.tripmyfrancebiketours.com\/en\/terms-of-use\/\",\"url\":\"https:\/\/staging.tripmyfrancebiketours.com\/en\/terms-of-use\/\",\"name\":\"Terms of Use - Trip My France Bike Tours\",\"isPartOf\":{\"@id\":\"https:\/\/staging.tripmyfrancebiketours.com\/en\/#website\"},\"datePublished\":\"2026-01-29T19:02:37+00:00\",\"dateModified\":\"2026-02-13T10:48:15+00:00\",\"breadcrumb\":{\"@id\":\"https:\/\/staging.tripmyfrancebiketours.com\/en\/terms-of-use\/#breadcrumb\"},\"inLanguage\":\"en-US\",\"potentialAction\":[{\"@type\":\"ReadAction\",\"target\":[\"https:\/\/staging.tripmyfrancebiketours.com\/en\/terms-of-use\/\"]}]},{\"@type\":\"BreadcrumbList\",\"@id\":\"https:\/\/staging.tripmyfrancebiketours.com\/en\/terms-of-use\/#breadcrumb\",\"itemListElement\":[{\"@type\":\"ListItem\",\"position\":1,\"name\":\"Accueil\",\"item\":\"https:\/\/staging.tripmyfrancebiketours.com\/en\/home-page\/\"},{\"@type\":\"ListItem\",\"position\":2,\"name\":\"Terms of Use\"}]},{\"@type\":\"WebSite\",\"@id\":\"https:\/\/staging.tripmyfrancebiketours.com\/en\/#website\",\"url\":\"https:\/\/staging.tripmyfrancebiketours.com\/en\/\",\"name\":\"Trip My France Bike Tours\",\"description\":\"Sp\u00e9cialiste du voyagge \u00e0 v\u00e9lo haute gamme\",\"publisher\":{\"@id\":\"https:\/\/staging.tripmyfrancebiketours.com\/en\/#organization\"},\"alternateName\":\"Bike Tours\",\"potentialAction\":[{\"@type\":\"SearchAction\",\"target\":{\"@type\":\"EntryPoint\",\"urlTemplate\":\"https:\/\/staging.tripmyfrancebiketours.com\/en\/?s={search_term_string}\"},\"query-input\":{\"@type\":\"PropertyValueSpecification\",\"valueRequired\":true,\"valueName\":\"search_term_string\"}}],\"inLanguage\":\"en-US\"},{\"@type\":\"Organization\",\"@id\":\"https:\/\/staging.tripmyfrancebiketours.com\/en\/#organization\",\"name\":\"Trip My France Bike Tours\",\"url\":\"https:\/\/staging.tripmyfrancebiketours.com\/en\/\",\"logo\":{\"@type\":\"ImageObject\",\"inLanguage\":\"en-US\",\"@id\":\"https:\/\/staging.tripmyfrancebiketours.com\/en\/#\/schema\/logo\/image\/\",\"url\":\"https:\/\/staging.tripmyfrancebiketours.com\/wp-content\/uploads\/2025\/11\/LOGO-TMF-BIKE-TOURS.png\",\"contentUrl\":\"https:\/\/staging.tripmyfrancebiketours.com\/wp-content\/uploads\/2025\/11\/LOGO-TMF-BIKE-TOURS.png\",\"width\":1024,\"height\":1024,\"caption\":\"Trip My France Bike Tours\"},\"image\":{\"@id\":\"https:\/\/staging.tripmyfrancebiketours.com\/en\/#\/schema\/logo\/image\/\"}}]}<\/script>\n<!-- \/ Yoast SEO plugin. -->","yoast_head_json":{"title":"Terms of Use - Trip My France Bike Tours","robots":{"index":"index","follow":"follow","max-snippet":"max-snippet:-1","max-image-preview":"max-image-preview:large","max-video-preview":"max-video-preview:-1"},"canonical":"https:\/\/staging.tripmyfrancebiketours.com\/en\/terms-of-use\/","og_locale":"en_US","og_type":"article","og_title":"Terms of Use - Trip My France Bike Tours","og_description":"Terms of Use 1. Purpose These Terms of Use govern access to and use of the website www.tripmyfrancebiketours.com. 2. Access to the website The website is available free of charge to any user with internet access. 3. Website content The content provided on this website is for informational purposes only. Trip My France Bike Tours [&hellip;]","og_url":"https:\/\/staging.tripmyfrancebiketours.com\/en\/terms-of-use\/","og_site_name":"Trip My France Bike Tours","article_modified_time":"2026-02-13T10:48:15+00:00","twitter_card":"summary_large_image","twitter_misc":{"Est. reading time":"1 minute"},"schema":{"@context":"https:\/\/schema.org","@graph":[{"@type":"WebPage","@id":"https:\/\/staging.tripmyfrancebiketours.com\/en\/terms-of-use\/","url":"https:\/\/staging.tripmyfrancebiketours.com\/en\/terms-of-use\/","name":"Terms of Use - Trip My France Bike Tours","isPartOf":{"@id":"https:\/\/staging.tripmyfrancebiketours.com\/en\/#website"},"datePublished":"2026-01-29T19:02:37+00:00","dateModified":"2026-02-13T10:48:15+00:00","breadcrumb":{"@id":"https:\/\/staging.tripmyfrancebiketours.com\/en\/terms-of-use\/#breadcrumb"},"inLanguage":"en-US","potentialAction":[{"@type":"ReadAction","target":["https:\/\/staging.tripmyfrancebiketours.com\/en\/terms-of-use\/"]}]},{"@type":"BreadcrumbList","@id":"https:\/\/staging.tripmyfrancebiketours.com\/en\/terms-of-use\/#breadcrumb","itemListElement":[{"@type":"ListItem","position":1,"name":"Accueil","item":"https:\/\/staging.tripmyfrancebiketours.com\/en\/home-page\/"},{"@type":"ListItem","position":2,"name":"Terms of Use"}]},{"@type":"WebSite","@id":"https:\/\/staging.tripmyfrancebiketours.com\/en\/#website","url":"https:\/\/staging.tripmyfrancebiketours.com\/en\/","name":"Trip My France Bike Tours","description":"Sp\u00e9cialiste du voyagge \u00e0 v\u00e9lo haute gamme","publisher":{"@id":"https:\/\/staging.tripmyfrancebiketours.com\/en\/#organization"},"alternateName":"Bike Tours","potentialAction":[{"@type":"SearchAction","target":{"@type":"EntryPoint","urlTemplate":"https:\/\/staging.tripmyfrancebiketours.com\/en\/?s={search_term_string}"},"query-input":{"@type":"PropertyValueSpecification","valueRequired":true,"valueName":"search_term_string"}}],"inLanguage":"en-US"},{"@type":"Organization","@id":"https:\/\/staging.tripmyfrancebiketours.com\/en\/#organization","name":"Trip My France Bike Tours","url":"https:\/\/staging.tripmyfrancebiketours.com\/en\/","logo":{"@type":"ImageObject","inLanguage":"en-US","@id":"https:\/\/staging.tripmyfrancebiketours.com\/en\/#\/schema\/logo\/image\/","url":"https:\/\/staging.tripmyfrancebiketours.com\/wp-content\/uploads\/2025\/11\/LOGO-TMF-BIKE-TOURS.png","contentUrl":"https:\/\/staging.tripmyfrancebiketours.com\/wp-content\/uploads\/2025\/11\/LOGO-TMF-BIKE-TOURS.png","width":1024,"height":1024,"caption":"Trip My France Bike Tours"},"image":{"@id":"https:\/\/staging.tripmyfrancebiketours.com\/en\/#\/schema\/logo\/image\/"}}]}},"_links":{"self":[{"href":"https:\/\/staging.tripmyfrancebiketours.com\/en\/wp-json\/wp\/v2\/pages\/9327","targetHints":{"allow":["GET"]}}],"collection":[{"href":"https:\/\/staging.tripmyfrancebiketours.com\/en\/wp-json\/wp\/v2\/pages"}],"about":[{"href":"https:\/\/staging.tripmyfrancebiketours.com\/en\/wp-json\/wp\/v2\/types\/page"}],"author":[{"embeddable":true,"href":"https:\/\/staging.tripmyfrancebiketours.com\/en\/wp-json\/wp\/v2\/users\/1"}],"replies":[{"embeddable":true,"href":"https:\/\/staging.tripmyfrancebiketours.com\/en\/wp-json\/wp\/v2\/comments?post=9327"}],"version-history":[{"count":0,"href":"https:\/\/staging.tripmyfrancebiketours.com\/en\/wp-json\/wp\/v2\/pages\/9327\/revisions"}],"wp:attachment":[{"href":"https:\/\/staging.tripmyfrancebiketours.com\/en\/wp-json\/wp\/v2\/media?parent=9327"}],"curies":[{"name":"wp","href":"https:\/\/api.w.org\/{rel}","templated":true}]}}