{"id":9338,"date":"2026-01-26T11:49:42","date_gmt":"2026-01-26T10:49:42","guid":{"rendered":"https:\/\/tripmyfrancebiketours.com\/who-we-are\/"},"modified":"2026-03-11T15:19:46","modified_gmt":"2026-03-11T14:19:46","slug":"who-we-are","status":"publish","type":"page","link":"https:\/\/staging.tripmyfrancebiketours.com\/en\/who-we-are\/","title":{"rendered":"About us"},"content":{"rendered":"\t\t<div data-elementor-type=\"wp-page\" data-elementor-id=\"9338\" class=\"elementor elementor-9338 elementor-7368\" data-elementor-post-type=\"page\">\n\t\t\t\t<div class=\"elementor-element elementor-element-826203a e-flex e-con-boxed e-con e-parent\" data-id=\"826203a\" data-element_type=\"container\">\n\t\t\t\t\t<div class=\"e-con-inner\">\n\t\t<div class=\"elementor-element elementor-element-a22c8c6 e-con-full e-flex e-con e-child\" data-id=\"a22c8c6\" data-element_type=\"container\" data-settings=\"{&quot;background_background&quot;:&quot;classic&quot;}\">\n\t\t<div class=\"elementor-element elementor-element-e1887bd e-con-full container e-flex e-con e-child\" data-id=\"e1887bd\" data-element_type=\"container\">\n\t\t<div class=\"elementor-element elementor-element-e92dc55 e-con-full e-flex e-con e-child\" data-id=\"e92dc55\" data-element_type=\"container\">\n\t\t\t\t<div class=\"elementor-element elementor-element-63afe6d elementor-widget elementor-widget-heading\" data-id=\"63afe6d\" data-element_type=\"widget\" data-widget_type=\"heading.default\">\n\t\t\t\t\t<h1 class=\"elementor-heading-title elementor-size-default\">About us<\/h1>\t\t\t\t<\/div>\n\t\t\t\t<div class=\"elementor-element elementor-element-4db0a38 elementor-widget elementor-widget-heading\" data-id=\"4db0a38\" data-element_type=\"widget\" data-widget_type=\"heading.default\">\n\t\t\t\t\t<h2 class=\"elementor-heading-title elementor-size-default\">At Trip My France Bike Tours, we craft travel experiences with care and passion.<\/h2>\t\t\t\t<\/div>\n\t\t\t\t<div class=\"elementor-element elementor-element-1264ce7 elementor-widget elementor-widget-text-editor\" data-id=\"1264ce7\" data-element_type=\"widget\" data-widget_type=\"text-editor.default\">\n\t\t\t\t\t\t\t\t\t<p>Since 2011, Trip My France has been creating custom-made trips to help travelers explore France and Switzerland in a more personal way.<\/p><p class=\"p1\">In 2025, we launched Trip My France Bike Tours, a new brand for those who love cycling and want to slow down, enjoy the ride, and take in every moment.<\/p>\t\t\t\t\t\t\t\t<\/div>\n\t\t\t\t<\/div>\n\t\t<div class=\"elementor-element elementor-element-056384b e-con-full header-voyage-img e-flex e-con e-child\" data-id=\"056384b\" data-element_type=\"container\">\n\t\t\t\t<div class=\"elementor-element elementor-element-5f7cb89 elementor-widget elementor-widget-image\" data-id=\"5f7cb89\" data-element_type=\"widget\" data-widget_type=\"image.default\">\n\t\t\t\t\t\t\t\t\t\t\t\t\t\t\t<img fetchpriority=\"high\" decoding=\"async\" width=\"800\" height=\"519\" src=\"https:\/\/staging.tripmyfrancebiketours.com\/wp-content\/uploads\/2026\/01\/velo-Alain-Hocquel-1-20-7-1-1024x664.jpg\" class=\"attachment-large size-large wp-image-9331\" alt=\"\" srcset=\"https:\/\/staging.tripmyfrancebiketours.com\/wp-content\/uploads\/2026\/01\/velo-Alain-Hocquel-1-20-7-1-1024x664.jpg 1024w, https:\/\/staging.tripmyfrancebiketours.com\/wp-content\/uploads\/2026\/01\/velo-Alain-Hocquel-1-20-7-1-300x195.jpg 300w, https:\/\/staging.tripmyfrancebiketours.com\/wp-content\/uploads\/2026\/01\/velo-Alain-Hocquel-1-20-7-1-768x498.jpg 768w, https:\/\/staging.tripmyfrancebiketours.com\/wp-content\/uploads\/2026\/01\/velo-Alain-Hocquel-1-20-7-1.jpg 500w\" sizes=\"(max-width: 800px) 100vw, 800px\" \/>\t\t\t\t\t\t\t\t\t\t\t\t\t\t\t<\/div>\n\t\t\t\t<div class=\"elementor-element elementor-element-4d67762 copyright elementor-widget elementor-widget-text-editor\" data-id=\"4d67762\" data-element_type=\"widget\" data-widget_type=\"text-editor.default\">\n\t\t\t\t\t\t\t\t\t<p>Alain-Hocquel<\/p>\t\t\t\t\t\t\t\t<\/div>\n\t\t\t\t<\/div>\n\t\t\t\t<\/div>\n\t\t\t\t<\/div>\n\t\t\t\t<div class=\"elementor-element elementor-element-d080a94 elementor-widget elementor-widget-spacer\" data-id=\"d080a94\" data-element_type=\"widget\" data-widget_type=\"spacer.default\">\n\t\t\t\t\t\t\t<div class=\"elementor-spacer\">\n\t\t\t<div class=\"elementor-spacer-inner\"><\/div>\n\t\t<\/div>\n\t\t\t\t\t\t<\/div>\n\t\t\t\t\t<\/div>\n\t\t\t\t<\/div>\n\t\t<div class=\"elementor-element elementor-element-dc13f46 container e-flex e-con-boxed e-con e-parent\" data-id=\"dc13f46\" data-element_type=\"container\">\n\t\t\t\t\t<div class=\"e-con-inner\">\n\t\t\t\t<div class=\"elementor-element elementor-element-62e102d elementor-widget elementor-widget-spacer\" data-id=\"62e102d\" data-element_type=\"widget\" data-widget_type=\"spacer.default\">\n\t\t\t\t\t\t\t<div class=\"elementor-spacer\">\n\t\t\t<div class=\"elementor-spacer-inner\"><\/div>\n\t\t<\/div>\n\t\t\t\t\t\t<\/div>\n\t\t<div class=\"elementor-element elementor-element-ff3741b e-con-full mini-container e-flex e-con e-child\" data-id=\"ff3741b\" data-element_type=\"container\">\n\t\t<div class=\"elementor-element elementor-element-dd32343 e-con-full max-width-img e-flex e-con e-child\" data-id=\"dd32343\" data-element_type=\"container\">\n\t\t\t\t<div class=\"elementor-element elementor-element-74146d1 ratio-vertical elementor-widget elementor-widget-image\" data-id=\"74146d1\" data-element_type=\"widget\" data-widget_type=\"image.default\">\n\t\t\t\t\t\t\t\t\t\t\t\t\t\t\t<img decoding=\"async\" width=\"800\" height=\"532\" src=\"https:\/\/staging.tripmyfrancebiketours.com\/wp-content\/uploads\/2026\/02\/lake-constance-cJorgMoller-1024x681.jpg\" class=\"attachment-large size-large wp-image-9332\" alt=\"\" srcset=\"https:\/\/staging.tripmyfrancebiketours.com\/wp-content\/uploads\/2026\/02\/lake-constance-cJorgMoller-1024x681.jpg 1024w, https:\/\/staging.tripmyfrancebiketours.com\/wp-content\/uploads\/2026\/02\/lake-constance-cJorgMoller-300x199.jpg 300w, https:\/\/staging.tripmyfrancebiketours.com\/wp-content\/uploads\/2026\/02\/lake-constance-cJorgMoller-768x511.jpg 768w, https:\/\/staging.tripmyfrancebiketours.com\/wp-content\/uploads\/2026\/02\/lake-constance-cJorgMoller.jpg 500w\" sizes=\"(max-width: 800px) 100vw, 800px\" \/>\t\t\t\t\t\t\t\t\t\t\t\t\t\t\t<\/div>\n\t\t\t\t<div class=\"elementor-element elementor-element-5d84f3d copyright elementor-widget elementor-widget-text-editor\" data-id=\"5d84f3d\" data-element_type=\"widget\" data-widget_type=\"text-editor.default\">\n\t\t\t\t\t\t\t\t\t<p>J\u00f6rgM\u00f6ller<\/p>\t\t\t\t\t\t\t\t<\/div>\n\t\t\t\t<\/div>\n\t\t<div class=\"elementor-element elementor-element-e2e3e9f e-con-full e-flex e-con e-child\" data-id=\"e2e3e9f\" data-element_type=\"container\">\n\t\t\t\t<div class=\"elementor-element elementor-element-6d3924f elementor-widget elementor-widget-heading\" data-id=\"6d3924f\" data-element_type=\"widget\" data-widget_type=\"heading.default\">\n\t\t\t\t\t<h3 class=\"elementor-heading-title elementor-size-default\">We\u2019re a small travel company built on a core values:<\/h3>\t\t\t\t<\/div>\n\t\t\t\t<div class=\"elementor-element elementor-element-233e267 elementor-widget elementor-widget-text-editor\" data-id=\"233e267\" data-element_type=\"widget\" data-widget_type=\"text-editor.default\">\n\t\t\t\t\t\t\t\t\t<ul class=\"ul1\"><li class=\"li1\">A true love of travel \u2013 discovering new places off the beaten path<\/li><li class=\"li1\">High standards \u2013 because every detail matters<\/li><li class=\"li1\">Personalized service \u2013 every traveler is different, so every trip should be too<\/li><\/ul>\t\t\t\t\t\t\t\t<\/div>\n\t\t\t\t<div class=\"elementor-element elementor-element-40ae472 elementor-widget elementor-widget-heading\" data-id=\"40ae472\" data-element_type=\"widget\" data-widget_type=\"heading.default\">\n\t\t\t\t\t<h3 class=\"elementor-heading-title elementor-size-default\">What We Do:<\/h3>\t\t\t\t<\/div>\n\t\t\t\t<div class=\"elementor-element elementor-element-723e953 elementor-widget elementor-widget-text-editor\" data-id=\"723e953\" data-element_type=\"widget\" data-widget_type=\"text-editor.default\">\n\t\t\t\t\t\t\t\t\t<p class=\"p1\">We create and organize cycling trips in France and Switzerland. Our trips combine: <\/p><ul class=\"ul1\"><li class=\"li1\">cultural and historical visits<\/li><li class=\"li1\">great food and meetings with local producers<\/li><li class=\"li1\">boutique accommodations and premium services<\/li><li class=\"li1\">and most importantly: routes built around your pace and interests<\/li><\/ul><p class=\"p1\">We take care of everything: hotels, logistics, activities, luggage transfers, so you can relax and enjoy the experience.<\/p>\t\t\t\t\t\t\t\t<\/div>\n\t\t\t\t<\/div>\n\t\t\t\t<\/div>\n\t\t<div class=\"elementor-element elementor-element-47c9b90 e-con-full container e-flex e-con e-child\" data-id=\"47c9b90\" data-element_type=\"container\">\n\t\t<div class=\"elementor-element elementor-element-628019a mini-container e-con-full e-flex e-con e-child\" data-id=\"628019a\" data-element_type=\"container\">\n\t\t\t\t<div class=\"elementor-element elementor-element-fd11203 elementor-widget elementor-widget-spacer\" data-id=\"fd11203\" data-element_type=\"widget\" data-widget_type=\"spacer.default\">\n\t\t\t\t\t\t\t<div class=\"elementor-spacer\">\n\t\t\t<div class=\"elementor-spacer-inner\"><\/div>\n\t\t<\/div>\n\t\t\t\t\t\t<\/div>\n\t\t\t\t<div class=\"elementor-element elementor-element-83eed26 elementor-widget elementor-widget-text-editor\" data-id=\"83eed26\" data-element_type=\"widget\" data-widget_type=\"text-editor.default\">\n\t\t\t\t\t\t\t\t\t<p class=\"p1\">Trip My France Bike Tours isn\u2019t just about biking. It\u2019s about seeing France differently with time, care, and a sense of style.<\/p>\t\t\t\t\t\t\t\t<\/div>\n\t\t\t\t<\/div>\n\t\t<div class=\"elementor-element elementor-element-0ebdf4b e-con-full mini-container e-flex e-con e-child\" data-id=\"0ebdf4b\" data-element_type=\"container\">\n\t\t<div class=\"elementor-element elementor-element-eaebbb9 e-con-full citation e-flex e-con e-child\" data-id=\"eaebbb9\" data-element_type=\"container\">\n\t\t\t\t<div class=\"elementor-element elementor-element-4a0c37c elementor-widget elementor-widget-html\" data-id=\"4a0c37c\" data-element_type=\"widget\" data-widget_type=\"html.default\">\n\t\t\t\t\t<div><svg xmlns=\"http:\/\/www.w3.org\/2000\/svg\" width=\"40\" height=\"40\" viewbox=\"0 0 130 151\" fill=\"none\">\n<path d=\"M43.8 115.4C38.8667 115.4 34.8667 113.667 31.8 110.2C28.8667 106.6 27.4 101.933 27.4 96.2C27.4 88.7333 29.6 81.8 34 75.4C38.4 68.8667 43.8667 64 50.4 60.8L51.6 63.2C48.8 65.3333 46.3333 68.0667 44.2 71.4C42.0667 74.7333 40.5333 78.8667 39.6 83.8L43.8 84.8C48.4667 85.8667 52.0667 87.8667 54.6 90.8C57.2667 93.6 58.6 97 58.6 101C58.6 105.267 57.1333 108.733 54.2 111.4C51.4 114.067 47.9333 115.4 43.8 115.4ZM86 115.4C81.0667 115.4 77.0667 113.667 74 110.2C71.0667 106.6 69.6 101.933 69.6 96.2C69.6 88.7333 71.8 81.8 76.2 75.4C80.6 68.8667 86.0667 64 92.6 60.8L93.8 63.2C91 65.3333 88.5333 68.0667 86.4 71.4C84.2667 74.7333 82.7333 78.8667 81.8 83.8L86 84.8C90.6667 85.8667 94.2667 87.8667 96.8 90.8C99.4667 93.6 100.8 97 100.8 101C100.8 105.267 99.3333 108.733 96.4 111.4C93.6 114.067 90.1333 115.4 86 115.4Z\" fill=\"#C39A6C\"><\/path>\n<\/svg>\n<\/div>\t\t\t\t<\/div>\n\t\t\t\t<div class=\"elementor-element elementor-element-ce81f3a elementor-widget elementor-widget-text-editor\" data-id=\"ce81f3a\" data-element_type=\"widget\" data-widget_type=\"text-editor.default\">\n\t\t\t\t\t\t\t\t\t<p>\u201cEach trip is more than just a vacation, it\u2019s a story to tell, a memory to keep.\u201d <\/p>\t\t\t\t\t\t\t\t<\/div>\n\t\t\t\t<\/div>\n\t\t\t\t<div class=\"elementor-element elementor-element-c238903 elementor-widget elementor-widget-spacer\" data-id=\"c238903\" data-element_type=\"widget\" data-widget_type=\"spacer.default\">\n\t\t\t\t\t\t\t<div class=\"elementor-spacer\">\n\t\t\t<div class=\"elementor-spacer-inner\"><\/div>\n\t\t<\/div>\n\t\t\t\t\t\t<\/div>\n\t\t\t\t<\/div>\n\t\t\t\t<div class=\"elementor-element elementor-element-722545c elementor-align-center elementor-widget elementor-widget-button\" data-id=\"722545c\" data-element_type=\"widget\" data-widget_type=\"button.default\">\n\t\t\t\t\t\t\t\t\t\t<a class=\"elementor-button elementor-button-link elementor-size-sm\" href=\"https:\/\/tripmyfrancebiketours.com\/en\/bike-tours\/\">\n\t\t\t\t\t\t<span class=\"elementor-button-content-wrapper\">\n\t\t\t\t\t\t\t\t\t<span class=\"elementor-button-text\">Explore all tours<\/span>\n\t\t\t\t\t<\/span>\n\t\t\t\t\t<\/a>\n\t\t\t\t\t\t\t\t<\/div>\n\t\t\t\t<div class=\"elementor-element elementor-element-322e62b elementor-widget elementor-widget-spacer\" data-id=\"322e62b\" data-element_type=\"widget\" data-widget_type=\"spacer.default\">\n\t\t\t\t\t\t\t<div class=\"elementor-spacer\">\n\t\t\t<div class=\"elementor-spacer-inner\"><\/div>\n\t\t<\/div>\n\t\t\t\t\t\t<\/div>\n\t\t\t\t<\/div>\n\t\t\t\t\t<\/div>\n\t\t\t\t<\/div>\n\t\t\t\t<\/div>\n\t\t","protected":false},"excerpt":{"rendered":"<p>About us At Trip My France Bike Tours, we craft travel experiences with care and passion. Since 2011, Trip My France has been creating custom-made trips to help travelers explore France and Switzerland in a more personal way. In 2025, we launched Trip My France Bike Tours, a new brand for those who love cycling [&hellip;]<\/p>\n","protected":false},"author":1,"featured_media":0,"parent":0,"menu_order":0,"comment_status":"closed","ping_status":"closed","template":"","meta":{"footnotes":""},"class_list":["post-9338","page","type-page","status-publish","hentry"],"yoast_head":"<!-- This site is optimized with the Yoast SEO plugin v26.8 - https:\/\/yoast.com\/product\/yoast-seo-wordpress\/ -->\n<title>About us - Trip My France Bike Tours<\/title>\n<meta name=\"description\" content=\"A specialist in high\u2011end cycling trips, combining passion, local expertise and personalized support.\" \/>\n<meta name=\"robots\" content=\"index, follow, max-snippet:-1, max-image-preview:large, max-video-preview:-1\" \/>\n<link rel=\"canonical\" href=\"https:\/\/staging.tripmyfrancebiketours.com\/en\/who-we-are\/\" \/>\n<meta property=\"og:locale\" content=\"en_US\" \/>\n<meta property=\"og:type\" content=\"article\" \/>\n<meta property=\"og:title\" content=\"About us - Trip My France Bike Tours\" \/>\n<meta property=\"og:description\" content=\"A specialist in high\u2011end cycling trips, combining passion, local expertise and personalized support.\" \/>\n<meta property=\"og:url\" content=\"https:\/\/staging.tripmyfrancebiketours.com\/en\/who-we-are\/\" \/>\n<meta property=\"og:site_name\" content=\"Trip My France Bike Tours\" \/>\n<meta property=\"article:modified_time\" content=\"2026-03-11T14:19:46+00:00\" \/>\n<meta property=\"og:image\" content=\"https:\/\/staging.tripmyfrancebiketours.com\/wp-content\/uploads\/2026\/01\/velo-Alain-Hocquel-1-20-7-1.jpg\" \/>\n\t<meta property=\"og:image:width\" content=\"1200\" \/>\n\t<meta property=\"og:image:height\" content=\"778\" \/>\n\t<meta property=\"og:image:type\" content=\"image\/jpeg\" \/>\n<meta name=\"twitter:card\" content=\"summary_large_image\" \/>\n<meta name=\"twitter:label1\" content=\"Est. reading time\" \/>\n\t<meta name=\"twitter:data1\" content=\"1 minute\" \/>\n<script type=\"application\/ld+json\" class=\"yoast-schema-graph\">{\"@context\":\"https:\/\/schema.org\",\"@graph\":[{\"@type\":\"WebPage\",\"@id\":\"https:\/\/staging.tripmyfrancebiketours.com\/en\/who-we-are\/\",\"url\":\"https:\/\/staging.tripmyfrancebiketours.com\/en\/who-we-are\/\",\"name\":\"About us - Trip My France Bike Tours\",\"isPartOf\":{\"@id\":\"https:\/\/staging.tripmyfrancebiketours.com\/en\/#website\"},\"primaryImageOfPage\":{\"@id\":\"https:\/\/staging.tripmyfrancebiketours.com\/en\/who-we-are\/#primaryimage\"},\"image\":{\"@id\":\"https:\/\/staging.tripmyfrancebiketours.com\/en\/who-we-are\/#primaryimage\"},\"thumbnailUrl\":\"https:\/\/staging.tripmyfrancebiketours.com\/wp-content\/uploads\/2026\/01\/velo-Alain-Hocquel-1-20-7-1-1024x664.jpg\",\"datePublished\":\"2026-01-26T10:49:42+00:00\",\"dateModified\":\"2026-03-11T14:19:46+00:00\",\"description\":\"A specialist in high\u2011end cycling trips, combining passion, local expertise and personalized support.\",\"breadcrumb\":{\"@id\":\"https:\/\/staging.tripmyfrancebiketours.com\/en\/who-we-are\/#breadcrumb\"},\"inLanguage\":\"en-US\",\"potentialAction\":[{\"@type\":\"ReadAction\",\"target\":[\"https:\/\/staging.tripmyfrancebiketours.com\/en\/who-we-are\/\"]}]},{\"@type\":\"ImageObject\",\"inLanguage\":\"en-US\",\"@id\":\"https:\/\/staging.tripmyfrancebiketours.com\/en\/who-we-are\/#primaryimage\",\"url\":\"https:\/\/staging.tripmyfrancebiketours.com\/wp-content\/uploads\/2026\/01\/velo-Alain-Hocquel-1-20-7-1-1024x664.jpg\",\"contentUrl\":\"https:\/\/staging.tripmyfrancebiketours.com\/wp-content\/uploads\/2026\/01\/velo-Alain-Hocquel-1-20-7-1-1024x664.jpg\"},{\"@type\":\"BreadcrumbList\",\"@id\":\"https:\/\/staging.tripmyfrancebiketours.com\/en\/who-we-are\/#breadcrumb\",\"itemListElement\":[{\"@type\":\"ListItem\",\"position\":1,\"name\":\"Accueil\",\"item\":\"https:\/\/staging.tripmyfrancebiketours.com\/en\/home-page\/\"},{\"@type\":\"ListItem\",\"position\":2,\"name\":\"About us\"}]},{\"@type\":\"WebSite\",\"@id\":\"https:\/\/staging.tripmyfrancebiketours.com\/en\/#website\",\"url\":\"https:\/\/staging.tripmyfrancebiketours.com\/en\/\",\"name\":\"Trip My France Bike Tours\",\"description\":\"Sp\u00e9cialiste du voyagge \u00e0 v\u00e9lo haute gamme\",\"publisher\":{\"@id\":\"https:\/\/staging.tripmyfrancebiketours.com\/en\/#organization\"},\"alternateName\":\"Bike Tours\",\"potentialAction\":[{\"@type\":\"SearchAction\",\"target\":{\"@type\":\"EntryPoint\",\"urlTemplate\":\"https:\/\/staging.tripmyfrancebiketours.com\/en\/?s={search_term_string}\"},\"query-input\":{\"@type\":\"PropertyValueSpecification\",\"valueRequired\":true,\"valueName\":\"search_term_string\"}}],\"inLanguage\":\"en-US\"},{\"@type\":\"Organization\",\"@id\":\"https:\/\/staging.tripmyfrancebiketours.com\/en\/#organization\",\"name\":\"Trip My France Bike Tours\",\"url\":\"https:\/\/staging.tripmyfrancebiketours.com\/en\/\",\"logo\":{\"@type\":\"ImageObject\",\"inLanguage\":\"en-US\",\"@id\":\"https:\/\/staging.tripmyfrancebiketours.com\/en\/#\/schema\/logo\/image\/\",\"url\":\"https:\/\/staging.tripmyfrancebiketours.com\/wp-content\/uploads\/2025\/11\/LOGO-TMF-BIKE-TOURS.png\",\"contentUrl\":\"https:\/\/staging.tripmyfrancebiketours.com\/wp-content\/uploads\/2025\/11\/LOGO-TMF-BIKE-TOURS.png\",\"width\":1024,\"height\":1024,\"caption\":\"Trip My France Bike Tours\"},\"image\":{\"@id\":\"https:\/\/staging.tripmyfrancebiketours.com\/en\/#\/schema\/logo\/image\/\"}}]}<\/script>\n<!-- \/ Yoast SEO plugin. -->","yoast_head_json":{"title":"About us - Trip My France Bike Tours","description":"A specialist in high\u2011end cycling trips, combining passion, local expertise and personalized support.","robots":{"index":"index","follow":"follow","max-snippet":"max-snippet:-1","max-image-preview":"max-image-preview:large","max-video-preview":"max-video-preview:-1"},"canonical":"https:\/\/staging.tripmyfrancebiketours.com\/en\/who-we-are\/","og_locale":"en_US","og_type":"article","og_title":"About us - Trip My France Bike Tours","og_description":"A specialist in high\u2011end cycling trips, combining passion, local expertise and personalized support.","og_url":"https:\/\/staging.tripmyfrancebiketours.com\/en\/who-we-are\/","og_site_name":"Trip My France Bike Tours","article_modified_time":"2026-03-11T14:19:46+00:00","og_image":[{"width":1200,"height":778,"url":"https:\/\/staging.tripmyfrancebiketours.com\/wp-content\/uploads\/2026\/01\/velo-Alain-Hocquel-1-20-7-1.jpg","type":"image\/jpeg"}],"twitter_card":"summary_large_image","twitter_misc":{"Est. reading time":"1 minute"},"schema":{"@context":"https:\/\/schema.org","@graph":[{"@type":"WebPage","@id":"https:\/\/staging.tripmyfrancebiketours.com\/en\/who-we-are\/","url":"https:\/\/staging.tripmyfrancebiketours.com\/en\/who-we-are\/","name":"About us - Trip My France Bike Tours","isPartOf":{"@id":"https:\/\/staging.tripmyfrancebiketours.com\/en\/#website"},"primaryImageOfPage":{"@id":"https:\/\/staging.tripmyfrancebiketours.com\/en\/who-we-are\/#primaryimage"},"image":{"@id":"https:\/\/staging.tripmyfrancebiketours.com\/en\/who-we-are\/#primaryimage"},"thumbnailUrl":"https:\/\/staging.tripmyfrancebiketours.com\/wp-content\/uploads\/2026\/01\/velo-Alain-Hocquel-1-20-7-1-1024x664.jpg","datePublished":"2026-01-26T10:49:42+00:00","dateModified":"2026-03-11T14:19:46+00:00","description":"A specialist in high\u2011end cycling trips, combining passion, local expertise and personalized support.","breadcrumb":{"@id":"https:\/\/staging.tripmyfrancebiketours.com\/en\/who-we-are\/#breadcrumb"},"inLanguage":"en-US","potentialAction":[{"@type":"ReadAction","target":["https:\/\/staging.tripmyfrancebiketours.com\/en\/who-we-are\/"]}]},{"@type":"ImageObject","inLanguage":"en-US","@id":"https:\/\/staging.tripmyfrancebiketours.com\/en\/who-we-are\/#primaryimage","url":"https:\/\/staging.tripmyfrancebiketours.com\/wp-content\/uploads\/2026\/01\/velo-Alain-Hocquel-1-20-7-1-1024x664.jpg","contentUrl":"https:\/\/staging.tripmyfrancebiketours.com\/wp-content\/uploads\/2026\/01\/velo-Alain-Hocquel-1-20-7-1-1024x664.jpg"},{"@type":"BreadcrumbList","@id":"https:\/\/staging.tripmyfrancebiketours.com\/en\/who-we-are\/#breadcrumb","itemListElement":[{"@type":"ListItem","position":1,"name":"Accueil","item":"https:\/\/staging.tripmyfrancebiketours.com\/en\/home-page\/"},{"@type":"ListItem","position":2,"name":"About us"}]},{"@type":"WebSite","@id":"https:\/\/staging.tripmyfrancebiketours.com\/en\/#website","url":"https:\/\/staging.tripmyfrancebiketours.com\/en\/","name":"Trip My France Bike Tours","description":"Sp\u00e9cialiste du voyagge \u00e0 v\u00e9lo haute gamme","publisher":{"@id":"https:\/\/staging.tripmyfrancebiketours.com\/en\/#organization"},"alternateName":"Bike Tours","potentialAction":[{"@type":"SearchAction","target":{"@type":"EntryPoint","urlTemplate":"https:\/\/staging.tripmyfrancebiketours.com\/en\/?s={search_term_string}"},"query-input":{"@type":"PropertyValueSpecification","valueRequired":true,"valueName":"search_term_string"}}],"inLanguage":"en-US"},{"@type":"Organization","@id":"https:\/\/staging.tripmyfrancebiketours.com\/en\/#organization","name":"Trip My France Bike Tours","url":"https:\/\/staging.tripmyfrancebiketours.com\/en\/","logo":{"@type":"ImageObject","inLanguage":"en-US","@id":"https:\/\/staging.tripmyfrancebiketours.com\/en\/#\/schema\/logo\/image\/","url":"https:\/\/staging.tripmyfrancebiketours.com\/wp-content\/uploads\/2025\/11\/LOGO-TMF-BIKE-TOURS.png","contentUrl":"https:\/\/staging.tripmyfrancebiketours.com\/wp-content\/uploads\/2025\/11\/LOGO-TMF-BIKE-TOURS.png","width":1024,"height":1024,"caption":"Trip My France Bike Tours"},"image":{"@id":"https:\/\/staging.tripmyfrancebiketours.com\/en\/#\/schema\/logo\/image\/"}}]}},"_links":{"self":[{"href":"https:\/\/staging.tripmyfrancebiketours.com\/en\/wp-json\/wp\/v2\/pages\/9338","targetHints":{"allow":["GET"]}}],"collection":[{"href":"https:\/\/staging.tripmyfrancebiketours.com\/en\/wp-json\/wp\/v2\/pages"}],"about":[{"href":"https:\/\/staging.tripmyfrancebiketours.com\/en\/wp-json\/wp\/v2\/types\/page"}],"author":[{"embeddable":true,"href":"https:\/\/staging.tripmyfrancebiketours.com\/en\/wp-json\/wp\/v2\/users\/1"}],"replies":[{"embeddable":true,"href":"https:\/\/staging.tripmyfrancebiketours.com\/en\/wp-json\/wp\/v2\/comments?post=9338"}],"version-history":[{"count":0,"href":"https:\/\/staging.tripmyfrancebiketours.com\/en\/wp-json\/wp\/v2\/pages\/9338\/revisions"}],"wp:attachment":[{"href":"https:\/\/staging.tripmyfrancebiketours.com\/en\/wp-json\/wp\/v2\/media?parent=9338"}],"curies":[{"name":"wp","href":"https:\/\/api.w.org\/{rel}","templated":true}]}}