{"id":9375,"date":"2026-01-29T20:01:52","date_gmt":"2026-01-29T19:01:52","guid":{"rendered":"https:\/\/tripmyfrancebiketours.com\/legal-notice\/"},"modified":"2026-02-13T16:53:56","modified_gmt":"2026-02-13T15:53:56","slug":"legal-notice","status":"publish","type":"page","link":"https:\/\/staging.tripmyfrancebiketours.com\/en\/legal-notice\/","title":{"rendered":"Legal notice"},"content":{"rendered":"\t\t<div data-elementor-type=\"wp-page\" data-elementor-id=\"9375\" class=\"elementor elementor-9375 elementor-7878\" data-elementor-post-type=\"page\">\n\t\t\t\t<div class=\"elementor-element elementor-element-ec7ae9f container e-flex e-con-boxed e-con e-parent\" data-id=\"ec7ae9f\" data-element_type=\"container\">\n\t\t\t\t\t<div class=\"e-con-inner\">\n\t\t\t\t<div class=\"elementor-element elementor-element-39c5e34 elementor-widget elementor-widget-spacer\" data-id=\"39c5e34\" data-element_type=\"widget\" data-widget_type=\"spacer.default\">\n\t\t\t\t\t\t\t<div class=\"elementor-spacer\">\n\t\t\t<div class=\"elementor-spacer-inner\"><\/div>\n\t\t<\/div>\n\t\t\t\t\t\t<\/div>\n\t\t\t\t<div class=\"elementor-element elementor-element-7a2ffda elementor-widget elementor-widget-heading\" data-id=\"7a2ffda\" data-element_type=\"widget\" data-widget_type=\"heading.default\">\n\t\t\t\t\t<h1 class=\"elementor-heading-title elementor-size-default\">Legal notice<\/h1>\t\t\t\t<\/div>\n\t\t\t\t<div class=\"elementor-element elementor-element-d87b49d elementor-widget elementor-widget-spacer\" data-id=\"d87b49d\" data-element_type=\"widget\" data-widget_type=\"spacer.default\">\n\t\t\t\t\t\t\t<div class=\"elementor-spacer\">\n\t\t\t<div class=\"elementor-spacer-inner\"><\/div>\n\t\t<\/div>\n\t\t\t\t\t\t<\/div>\n\t\t\t\t<div class=\"elementor-element elementor-element-54b74a5 elementor-widget elementor-widget-text-editor\" data-id=\"54b74a5\" data-element_type=\"widget\" data-widget_type=\"text-editor.default\">\n\t\t\t\t\t\t\t\t\t<p class=\"p1\">This website is published and fully funded by OBJECTIF FRANCE \u2013 TRIP MY FRANCE, a simplified joint-stock company (SAS) with share capital of \u20ac32,630, registered with the Villefranche-Tarare Trade and Companies Register under number 533 477 857. The company\u2019s registered office is located at: 131 rue des H\u00eatres, 69400 Arnas, France. Phone: +33 4 74 07 13 19 <\/p><p class=\"p1\">VAT number (intra-community): FR28 533477857<\/p><p class=\"p1\">OBJECTIF FRANCE \u2013 TRIP MY FRANCE holds French State Travel License No. IM069110030 and is a member of <b><a href=\"https:\/\/www.apst.travel\/\">APST<\/a> <\/b>(As sociation Professionnelle de Solidarit\u00e9 du Tourisme), 87\u201389 rue La Bo\u00e9tie (entrance at 89), 75008 Paris, France. The company is insuded by <a href=\"https:\/\/www.hiscox.fr\/\"><span class=\"s1\"><b>Hiscox<\/b><\/span><\/a>, Immeuble Le Pr\u00e9sident, 40 Av. Georges Pompidou, 69003 &#8211; Policy n\u00b0 HA PRC0063765.  <\/p><p class=\"p1\">The Publication Director is Mr. Franck Poth\u00e9, acting in his capacity as President &amp; CEO.<\/p><p class=\"p1\">Any full or partial reproduction of this website or its content (including overall structure, texts, audio, logos, animated or still images), by any means whatsoever, without the prior written consent of OBJECTIF FRANCE \u2013 TRIP MY FRANCE, is strictly prohibited and may constitute copyright infringement under applicable intellectual property laws.<\/p><p class=\"p1\">In accordance with applicable data protection laws, you have the right to access, modify, correct, or delete your personal data. Your data is intended for OBJECTIF FRANCE but may be shared with third parties. <\/p><p class=\"p1\">To exercise your rights, or if you do not wish your personal data to be shared, please email: <a href=\"mailto:contact@tripmyfrance.com\"><span class=\"s1\"><b>contact@tripmyfrance.com<\/b><b><\/b><\/span><\/a><\/p><p class=\"p1\">For any technical questions regarding this website, please contact: <a href=\"mailto:contact@tripmyfrance.com\"><span class=\"s1\"><b>contact@tripmyfrance.com<\/b><b><\/b><\/span><\/a><\/p><p class=\"p1\">All rights reserved \u00a9 2011 OBJECTIF FRANCE \u2013 TRIP MY FRANCE<\/p>\t\t\t\t\t\t\t\t<\/div>\n\t\t\t\t<div class=\"elementor-element elementor-element-fbb5a75 elementor-widget elementor-widget-spacer\" data-id=\"fbb5a75\" data-element_type=\"widget\" data-widget_type=\"spacer.default\">\n\t\t\t\t\t\t\t<div class=\"elementor-spacer\">\n\t\t\t<div class=\"elementor-spacer-inner\"><\/div>\n\t\t<\/div>\n\t\t\t\t\t\t<\/div>\n\t\t\t\t\t<\/div>\n\t\t\t\t<\/div>\n\t\t\t\t<\/div>\n\t\t","protected":false},"excerpt":{"rendered":"<p>Legal notice This website is published and fully funded by OBJECTIF FRANCE \u2013 TRIP MY FRANCE, a simplified joint-stock company (SAS) with share capital of \u20ac32,630, registered with the Villefranche-Tarare Trade and Companies Register under number 533 477 857. The company\u2019s registered office is located at: 131 rue des H\u00eatres, 69400 Arnas, France. Phone: +33 [&hellip;]<\/p>\n","protected":false},"author":1,"featured_media":0,"parent":0,"menu_order":0,"comment_status":"closed","ping_status":"closed","template":"","meta":{"footnotes":""},"class_list":["post-9375","page","type-page","status-publish","hentry"],"yoast_head":"<!-- This site is optimized with the Yoast SEO plugin v26.8 - https:\/\/yoast.com\/product\/yoast-seo-wordpress\/ -->\n<title>Legal notice - Trip My France Bike Tours<\/title>\n<meta name=\"robots\" content=\"index, follow, max-snippet:-1, max-image-preview:large, max-video-preview:-1\" \/>\n<link rel=\"canonical\" href=\"https:\/\/staging.tripmyfrancebiketours.com\/en\/legal-notice\/\" \/>\n<meta property=\"og:locale\" content=\"en_US\" \/>\n<meta property=\"og:type\" content=\"article\" \/>\n<meta property=\"og:title\" content=\"Legal notice - Trip My France Bike Tours\" \/>\n<meta property=\"og:description\" content=\"Legal notice This website is published and fully funded by OBJECTIF FRANCE \u2013 TRIP MY FRANCE, a simplified joint-stock company (SAS) with share capital of \u20ac32,630, registered with the Villefranche-Tarare Trade and Companies Register under number 533 477 857. The company\u2019s registered office is located at: 131 rue des H\u00eatres, 69400 Arnas, France. Phone: +33 [&hellip;]\" \/>\n<meta property=\"og:url\" content=\"https:\/\/staging.tripmyfrancebiketours.com\/en\/legal-notice\/\" \/>\n<meta property=\"og:site_name\" content=\"Trip My France Bike Tours\" \/>\n<meta property=\"article:modified_time\" content=\"2026-02-13T15:53:56+00:00\" \/>\n<meta name=\"twitter:card\" content=\"summary_large_image\" \/>\n<meta name=\"twitter:label1\" content=\"Est. reading time\" \/>\n\t<meta name=\"twitter:data1\" content=\"1 minute\" \/>\n<script type=\"application\/ld+json\" class=\"yoast-schema-graph\">{\"@context\":\"https:\/\/schema.org\",\"@graph\":[{\"@type\":\"WebPage\",\"@id\":\"https:\/\/staging.tripmyfrancebiketours.com\/en\/legal-notice\/\",\"url\":\"https:\/\/staging.tripmyfrancebiketours.com\/en\/legal-notice\/\",\"name\":\"Legal notice - Trip My France Bike Tours\",\"isPartOf\":{\"@id\":\"https:\/\/staging.tripmyfrancebiketours.com\/en\/#website\"},\"datePublished\":\"2026-01-29T19:01:52+00:00\",\"dateModified\":\"2026-02-13T15:53:56+00:00\",\"breadcrumb\":{\"@id\":\"https:\/\/staging.tripmyfrancebiketours.com\/en\/legal-notice\/#breadcrumb\"},\"inLanguage\":\"en-US\",\"potentialAction\":[{\"@type\":\"ReadAction\",\"target\":[\"https:\/\/staging.tripmyfrancebiketours.com\/en\/legal-notice\/\"]}]},{\"@type\":\"BreadcrumbList\",\"@id\":\"https:\/\/staging.tripmyfrancebiketours.com\/en\/legal-notice\/#breadcrumb\",\"itemListElement\":[{\"@type\":\"ListItem\",\"position\":1,\"name\":\"Accueil\",\"item\":\"https:\/\/staging.tripmyfrancebiketours.com\/en\/home-page\/\"},{\"@type\":\"ListItem\",\"position\":2,\"name\":\"Legal notice\"}]},{\"@type\":\"WebSite\",\"@id\":\"https:\/\/staging.tripmyfrancebiketours.com\/en\/#website\",\"url\":\"https:\/\/staging.tripmyfrancebiketours.com\/en\/\",\"name\":\"Trip My France Bike Tours\",\"description\":\"Sp\u00e9cialiste du voyagge \u00e0 v\u00e9lo haute gamme\",\"publisher\":{\"@id\":\"https:\/\/staging.tripmyfrancebiketours.com\/en\/#organization\"},\"alternateName\":\"Bike Tours\",\"potentialAction\":[{\"@type\":\"SearchAction\",\"target\":{\"@type\":\"EntryPoint\",\"urlTemplate\":\"https:\/\/staging.tripmyfrancebiketours.com\/en\/?s={search_term_string}\"},\"query-input\":{\"@type\":\"PropertyValueSpecification\",\"valueRequired\":true,\"valueName\":\"search_term_string\"}}],\"inLanguage\":\"en-US\"},{\"@type\":\"Organization\",\"@id\":\"https:\/\/staging.tripmyfrancebiketours.com\/en\/#organization\",\"name\":\"Trip My France Bike Tours\",\"url\":\"https:\/\/staging.tripmyfrancebiketours.com\/en\/\",\"logo\":{\"@type\":\"ImageObject\",\"inLanguage\":\"en-US\",\"@id\":\"https:\/\/staging.tripmyfrancebiketours.com\/en\/#\/schema\/logo\/image\/\",\"url\":\"https:\/\/staging.tripmyfrancebiketours.com\/wp-content\/uploads\/2025\/11\/LOGO-TMF-BIKE-TOURS.png\",\"contentUrl\":\"https:\/\/staging.tripmyfrancebiketours.com\/wp-content\/uploads\/2025\/11\/LOGO-TMF-BIKE-TOURS.png\",\"width\":1024,\"height\":1024,\"caption\":\"Trip My France Bike Tours\"},\"image\":{\"@id\":\"https:\/\/staging.tripmyfrancebiketours.com\/en\/#\/schema\/logo\/image\/\"}}]}<\/script>\n<!-- \/ Yoast SEO plugin. -->","yoast_head_json":{"title":"Legal notice - Trip My France Bike Tours","robots":{"index":"index","follow":"follow","max-snippet":"max-snippet:-1","max-image-preview":"max-image-preview:large","max-video-preview":"max-video-preview:-1"},"canonical":"https:\/\/staging.tripmyfrancebiketours.com\/en\/legal-notice\/","og_locale":"en_US","og_type":"article","og_title":"Legal notice - Trip My France Bike Tours","og_description":"Legal notice This website is published and fully funded by OBJECTIF FRANCE \u2013 TRIP MY FRANCE, a simplified joint-stock company (SAS) with share capital of \u20ac32,630, registered with the Villefranche-Tarare Trade and Companies Register under number 533 477 857. The company\u2019s registered office is located at: 131 rue des H\u00eatres, 69400 Arnas, France. Phone: +33 [&hellip;]","og_url":"https:\/\/staging.tripmyfrancebiketours.com\/en\/legal-notice\/","og_site_name":"Trip My France Bike Tours","article_modified_time":"2026-02-13T15:53:56+00:00","twitter_card":"summary_large_image","twitter_misc":{"Est. reading time":"1 minute"},"schema":{"@context":"https:\/\/schema.org","@graph":[{"@type":"WebPage","@id":"https:\/\/staging.tripmyfrancebiketours.com\/en\/legal-notice\/","url":"https:\/\/staging.tripmyfrancebiketours.com\/en\/legal-notice\/","name":"Legal notice - Trip My France Bike Tours","isPartOf":{"@id":"https:\/\/staging.tripmyfrancebiketours.com\/en\/#website"},"datePublished":"2026-01-29T19:01:52+00:00","dateModified":"2026-02-13T15:53:56+00:00","breadcrumb":{"@id":"https:\/\/staging.tripmyfrancebiketours.com\/en\/legal-notice\/#breadcrumb"},"inLanguage":"en-US","potentialAction":[{"@type":"ReadAction","target":["https:\/\/staging.tripmyfrancebiketours.com\/en\/legal-notice\/"]}]},{"@type":"BreadcrumbList","@id":"https:\/\/staging.tripmyfrancebiketours.com\/en\/legal-notice\/#breadcrumb","itemListElement":[{"@type":"ListItem","position":1,"name":"Accueil","item":"https:\/\/staging.tripmyfrancebiketours.com\/en\/home-page\/"},{"@type":"ListItem","position":2,"name":"Legal notice"}]},{"@type":"WebSite","@id":"https:\/\/staging.tripmyfrancebiketours.com\/en\/#website","url":"https:\/\/staging.tripmyfrancebiketours.com\/en\/","name":"Trip My France Bike Tours","description":"Sp\u00e9cialiste du voyagge \u00e0 v\u00e9lo haute gamme","publisher":{"@id":"https:\/\/staging.tripmyfrancebiketours.com\/en\/#organization"},"alternateName":"Bike Tours","potentialAction":[{"@type":"SearchAction","target":{"@type":"EntryPoint","urlTemplate":"https:\/\/staging.tripmyfrancebiketours.com\/en\/?s={search_term_string}"},"query-input":{"@type":"PropertyValueSpecification","valueRequired":true,"valueName":"search_term_string"}}],"inLanguage":"en-US"},{"@type":"Organization","@id":"https:\/\/staging.tripmyfrancebiketours.com\/en\/#organization","name":"Trip My France Bike Tours","url":"https:\/\/staging.tripmyfrancebiketours.com\/en\/","logo":{"@type":"ImageObject","inLanguage":"en-US","@id":"https:\/\/staging.tripmyfrancebiketours.com\/en\/#\/schema\/logo\/image\/","url":"https:\/\/staging.tripmyfrancebiketours.com\/wp-content\/uploads\/2025\/11\/LOGO-TMF-BIKE-TOURS.png","contentUrl":"https:\/\/staging.tripmyfrancebiketours.com\/wp-content\/uploads\/2025\/11\/LOGO-TMF-BIKE-TOURS.png","width":1024,"height":1024,"caption":"Trip My France Bike Tours"},"image":{"@id":"https:\/\/staging.tripmyfrancebiketours.com\/en\/#\/schema\/logo\/image\/"}}]}},"_links":{"self":[{"href":"https:\/\/staging.tripmyfrancebiketours.com\/en\/wp-json\/wp\/v2\/pages\/9375","targetHints":{"allow":["GET"]}}],"collection":[{"href":"https:\/\/staging.tripmyfrancebiketours.com\/en\/wp-json\/wp\/v2\/pages"}],"about":[{"href":"https:\/\/staging.tripmyfrancebiketours.com\/en\/wp-json\/wp\/v2\/types\/page"}],"author":[{"embeddable":true,"href":"https:\/\/staging.tripmyfrancebiketours.com\/en\/wp-json\/wp\/v2\/users\/1"}],"replies":[{"embeddable":true,"href":"https:\/\/staging.tripmyfrancebiketours.com\/en\/wp-json\/wp\/v2\/comments?post=9375"}],"version-history":[{"count":0,"href":"https:\/\/staging.tripmyfrancebiketours.com\/en\/wp-json\/wp\/v2\/pages\/9375\/revisions"}],"wp:attachment":[{"href":"https:\/\/staging.tripmyfrancebiketours.com\/en\/wp-json\/wp\/v2\/media?parent=9375"}],"curies":[{"name":"wp","href":"https:\/\/api.w.org\/{rel}","templated":true}]}}